{"id":17,"date":"2013-05-28T16:54:41","date_gmt":"2013-05-28T16:54:41","guid":{"rendered":"http:\/\/www.cortealaserbh.com.br\/site\/?page_id=17"},"modified":"2013-05-29T14:51:00","modified_gmt":"2013-05-29T14:51:00","slug":"empresa","status":"publish","type":"page","link":"http:\/\/www.cortealaserbh.com.br\/index.php\/empresa\/","title":{"rendered":"Empresa"},"content":{"rendered":"<p><img loading=\"lazy\" decoding=\"async\" class=\"alignnone size-full wp-image-135\" alt=\"banner_emprespng-18\" src=\"http:\/\/www.cortealaserbh.com.br\/site\/wp-content\/uploads\/2013\/05\/banner_emprespng-18.png\" width=\"820\" height=\"180\" srcset=\"http:\/\/www.cortealaserbh.com.br\/site\/wp-content\/uploads\/2013\/05\/banner_emprespng-18.png 820w, http:\/\/www.cortealaserbh.com.br\/site\/wp-content\/uploads\/2013\/05\/banner_emprespng-18-300x65.png 300w\" sizes=\"auto, (max-width: 820px) 100vw, 820px\" \/><\/p>\n<p>&nbsp;<\/p>\n<p>A <b>AM Corte a Laser\u00a0<\/b>\u00e9 uma empresa especializada em corte a laser para os mais diversos segmentos e finalidades. Trabalhamos com equipamentos a laser, que permitem cortes precisos em diversos materiais, tais como couro, EVA, madeira, acr\u00edlico, tecidos, papel, entre outros. Al\u00e9m disso, efetuamos grava\u00e7\u00f5es e personaliza\u00e7\u00f5es conforme os projetos de nossos clientes.<\/p>\n<p>&nbsp;<\/p>\n<p><strong>Miss\u00e3o<\/strong><\/p>\n<p>Aten\u00e7\u00e3o a todos os detalhes para entregar servi\u00e7os de qualidade a todos nossos clientes dentro dos prazos estipulados.<\/p>\n","protected":false},"excerpt":{"rendered":"<p>&nbsp; A AM Corte a Laser\u00a0\u00e9 uma empresa especializada em corte a laser para os mais diversos segmentos e finalidades. Trabalhamos com equipamentos a laser, que permitem cortes precisos em diversos materiais, tais como couro, EVA, madeira, acr\u00edlico, tecidos, papel, entre outros. Al\u00e9m disso, efetuamos grava\u00e7\u00f5es e personaliza\u00e7\u00f5es conforme os projetos de nossos clientes. &nbsp; [&hellip;]<\/p>\n","protected":false},"author":1,"featured_media":0,"parent":0,"menu_order":0,"comment_status":"open","ping_status":"open","template":"template-fullwidth.php","meta":{"footnotes":""},"class_list":["post-17","page","type-page","status-publish","hentry"],"_links":{"self":[{"href":"http:\/\/www.cortealaserbh.com.br\/index.php\/wp-json\/wp\/v2\/pages\/17","targetHints":{"allow":["GET"]}}],"collection":[{"href":"http:\/\/www.cortealaserbh.com.br\/index.php\/wp-json\/wp\/v2\/pages"}],"about":[{"href":"http:\/\/www.cortealaserbh.com.br\/index.php\/wp-json\/wp\/v2\/types\/page"}],"author":[{"embeddable":true,"href":"http:\/\/www.cortealaserbh.com.br\/index.php\/wp-json\/wp\/v2\/users\/1"}],"replies":[{"embeddable":true,"href":"http:\/\/www.cortealaserbh.com.br\/index.php\/wp-json\/wp\/v2\/comments?post=17"}],"version-history":[{"count":6,"href":"http:\/\/www.cortealaserbh.com.br\/index.php\/wp-json\/wp\/v2\/pages\/17\/revisions"}],"predecessor-version":[{"id":121,"href":"http:\/\/www.cortealaserbh.com.br\/index.php\/wp-json\/wp\/v2\/pages\/17\/revisions\/121"}],"wp:attachment":[{"href":"http:\/\/www.cortealaserbh.com.br\/index.php\/wp-json\/wp\/v2\/media?parent=17"}],"curies":[{"name":"wp","href":"https:\/\/api.w.org\/{rel}","templated":true}]}}